{"id":1470,"date":"2023-12-09T10:56:33","date_gmt":"2023-12-09T10:56:33","guid":{"rendered":"https:\/\/gpi-tehnika.si\/?page_id=1470"},"modified":"2023-12-09T11:04:51","modified_gmt":"2023-12-09T11:04:51","slug":"mrzla_dolina","status":"publish","type":"page","link":"https:\/\/gpi-tehnika.si\/index.php\/mrzla_dolina\/","title":{"rendered":"Ve\u010dstanovanjski objekt Mrzla dolina"},"content":{"rendered":"\t\t<div data-elementor-type=\"wp-page\" data-elementor-id=\"1470\" class=\"elementor elementor-1470\">\n\t\t\t\t\t\t<section class=\"elementor-section elementor-top-section elementor-element elementor-element-cb29249 elementor-section-boxed elementor-section-height-default elementor-section-height-default\" data-id=\"cb29249\" data-element_type=\"section\" data-e-type=\"section\" data-settings=\"{&quot;background_background&quot;:&quot;classic&quot;}\">\n\t\t\t\t\t\t<div class=\"elementor-container elementor-column-gap-default\">\n\t\t\t\t\t<div class=\"elementor-column elementor-col-100 elementor-top-column elementor-element elementor-element-efbc4d6\" data-id=\"efbc4d6\" data-element_type=\"column\" data-e-type=\"column\" data-settings=\"{&quot;background_background&quot;:&quot;classic&quot;}\">\n\t\t\t<div class=\"elementor-widget-wrap elementor-element-populated\">\n\t\t\t\t\t\t<div class=\"elementor-element elementor-element-badf9d0 elementor-widget elementor-widget-text-editor\" data-id=\"badf9d0\" data-element_type=\"widget\" data-e-type=\"widget\" data-widget_type=\"text-editor.default\">\n\t\t\t\t<div class=\"elementor-widget-container\">\n\t\t\t\t\t\t\t\t\t<h5 style=\"font-style: normal;\">Naro\u010dnik: ID Dolnov d.o.o.<\/h5><div style=\"font-size: 16px; font-style: normal; font-weight: 300; color: #565656;\"><div style=\"font-size: 16px; font-style: normal; font-weight: 300; height: var(--spacer-size); color: #000000; font-family: Roboto, sans-serif;\"><span style=\"font-size: 16px; font-weight: bold;\">&#8211; dva stanovanjska bloka s 47 in 72 stanovanjskimi enotami<\/span><\/div><div style=\"font-size: 16px; font-style: normal; font-weight: 300; height: var(--spacer-size); color: #000000; font-family: Roboto, sans-serif;\"><span style=\"font-size: 16px; font-weight: bold;\">&#8211; gara\u017ena hi\u0161a ter pokrita zunanja parkiri\u0161\u010da<\/span><\/div><div style=\"font-size: 16px; font-style: normal; font-weight: 300; height: var(--spacer-size); color: #000000; font-family: Roboto, sans-serif;\"><span style=\"font-size: 16px; font-weight: bold;\">&#8211; zunanja otro\u0161ka igri\u0161\u010da<\/span><\/div><div style=\"font-size: 16px; font-style: normal; font-weight: 300; height: var(--spacer-size); color: #000000; font-family: Roboto, sans-serif;\"><span style=\"font-size: 16px; font-weight: bold;\">&#8211; povr\u0161ina: ve\u010d kot 4000 m2<\/span><\/div><div style=\"font-size: 16px; font-style: normal; font-weight: 300; height: var(--spacer-size); color: #000000; font-family: Roboto, sans-serif;\"><span style=\"font-size: 16px; font-weight: bold;\">&#8211; leto gradnje: 2018<\/span><\/div><\/div>\t\t\t\t\t\t\t\t<\/div>\n\t\t\t\t<\/div>\n\t\t\t\t<section class=\"elementor-section elementor-inner-section elementor-element elementor-element-b8dec73 elementor-section-boxed elementor-section-height-default elementor-section-height-default\" data-id=\"b8dec73\" data-element_type=\"section\" data-e-type=\"section\">\n\t\t\t\t\t\t<div class=\"elementor-container elementor-column-gap-default\">\n\t\t\t\t\t<div class=\"elementor-column elementor-col-100 elementor-inner-column elementor-element elementor-element-79c35b3\" data-id=\"79c35b3\" data-element_type=\"column\" data-e-type=\"column\">\n\t\t\t<div class=\"elementor-widget-wrap elementor-element-populated\">\n\t\t\t\t\t\t<div class=\"elementor-element elementor-element-051de20 elementor-widget elementor-widget-text-editor\" data-id=\"051de20\" data-element_type=\"widget\" data-e-type=\"widget\" data-widget_type=\"text-editor.default\">\n\t\t\t\t<div class=\"elementor-widget-container\">\n\t\t\t\t\t\t\t\t\t<p style=\"font-size: 16px; font-style: normal; font-weight: 400; color: #303030;\"><span style=\"font-size: 16px; font-style: normal; color: #000000;\"><span style=\"font-size: 16px;\">Projekt<\/span><span style=\"font-size: 16px;\">\u00a0Mrzla dolina je obsegal 2 fazi. I.faza je obsegala gradnjo manj\u0161ega (46 stanovanjskih enot in 1 poslovni prostor), kletnega dela objekta z gara\u017eami in shrambami (pod\u00a0 ter pripadajo\u010do zunanjo ureditev ob ve\u010dstanovanjskem objektu 1 z 10-imi nepokritimi in 15-imi pokritimi parkirnimi mesti. II. faza je obsegala gradnjo ve\u010djega stolpi\u010da z 72 stanovanjskimi enotami, pripadajo\u010do zunanjo ureditev ter 14-imi nepokritimi in 15-imi pokritimi parkirnimi mesti.<\/span><\/span><\/p><p style=\"font-size: 16px; font-style: normal; font-weight: 400; color: #303030;\"><span style=\"font-size: 16px; font-style: normal; color: #000000;\">Oba stolpi\u010da obsegata po 6 eta\u017e. Stanovanja so nanizana okoli osrednjega hodnika in vertikalnih komunikacij. \u0160irina samega objekta pogojuje, da so stanovanja orientirana na eno ali dve smeri neba. Zasnovana so moderno, z odprtimi in zra\u010dnimi prostori, malo hodniki ter \u010dim kraj\u0161imi in \u010distimi komunikacijskimi potmi med prostori. Dnevni prostori se preko steklenih sten nadaljujejo v zunanji prostor, kar omogo\u010dajo lo\u017ee, ki so umaknjene v objekt. S tem se zminimalizira vremenske vplive in pove\u010da kakovost bivanja. Vertikalne povezave so zagotovljene preko dvigala in po\u017earnega stopni\u0161\u010da. Osrednji hodnik je osvetljen preko stopni\u0161\u010da, v pritli\u010dju pa se vhodni predel odpre na zahodno stran. S tem se dolo\u010duje tudi glavna fasada objekta, ki je vezana na dostopni prometni predprostor objekta. Zahodna in severna fasada sta tako moderno koncipirani, navidezno neurejene linije odprtin, katere ponazarjajo razli\u010dnost okoli\u0161kih enodru\u017einskih objektov, se pove\u017eejo v oblikovno urejeno celoto. Obe skupaj uokvirjata zahodna in ju\u017ena fasada, kateri sta bolj umerjeni in linijsko bolj \u010disti, kar je odsev na starej\u0161e, linijsko monotone ve\u010dstanovanjskimi objekte v bli\u017eini.\u00a0<\/span><\/p>\t\t\t\t\t\t\t\t<\/div>\n\t\t\t\t<\/div>\n\t\t\t\t\t<\/div>\n\t\t<\/div>\n\t\t\t\t\t<\/div>\n\t\t<\/section>\n\t\t\t\t<div class=\"elementor-element elementor-element-65f5ec1 elementor-arrows-position-outside elementor-widget elementor-widget-image-carousel\" data-id=\"65f5ec1\" data-element_type=\"widget\" data-e-type=\"widget\" data-settings=\"{&quot;slides_to_show&quot;:&quot;2&quot;,&quot;slides_to_scroll&quot;:&quot;1&quot;,&quot;navigation&quot;:&quot;arrows&quot;,&quot;slides_to_show_tablet&quot;:&quot;2&quot;,&quot;slides_to_show_mobile&quot;:&quot;1&quot;,&quot;autoplay&quot;:&quot;no&quot;,&quot;image_spacing_custom&quot;:{&quot;unit&quot;:&quot;px&quot;,&quot;size&quot;:20,&quot;sizes&quot;:[]},&quot;infinite&quot;:&quot;yes&quot;,&quot;speed&quot;:500,&quot;image_spacing_custom_tablet&quot;:{&quot;unit&quot;:&quot;px&quot;,&quot;size&quot;:&quot;&quot;,&quot;sizes&quot;:[]}}\" data-widget_type=\"image-carousel.default\">\n\t\t\t\t<div class=\"elementor-widget-container\">\n\t\t\t\t\t\t\t<div class=\"elementor-image-carousel-wrapper swiper\" role=\"region\" aria-roledescription=\"carousel\" aria-label=\"Image Carousel\" dir=\"ltr\">\n\t\t\t<div class=\"elementor-image-carousel swiper-wrapper\" aria-live=\"polite\">\n\t\t\t\t\t\t\t\t<div class=\"swiper-slide\" role=\"group\" aria-roledescription=\"slide\" aria-label=\"1 of 4\"><figure class=\"swiper-slide-inner\"><img decoding=\"async\" class=\"swiper-slide-image\" src=\"https:\/\/gpi-tehnika.si\/wp-content\/uploads\/2019\/12\/Reference-03-Bloki-DOLNOV-scaled.jpg\" alt=\"Reference - 03 - Bloki DOLNOV\" \/><\/figure><\/div><div class=\"swiper-slide\" role=\"group\" aria-roledescription=\"slide\" aria-label=\"2 of 4\"><figure class=\"swiper-slide-inner\"><img decoding=\"async\" class=\"swiper-slide-image\" src=\"https:\/\/gpi-tehnika.si\/wp-content\/uploads\/2023\/12\/mrzla2.jpg\" alt=\"mrzla2\" \/><\/figure><\/div><div class=\"swiper-slide\" role=\"group\" aria-roledescription=\"slide\" aria-label=\"3 of 4\"><figure class=\"swiper-slide-inner\"><img decoding=\"async\" class=\"swiper-slide-image\" src=\"https:\/\/gpi-tehnika.si\/wp-content\/uploads\/2019\/12\/Domov-ozadnje.jpg\" alt=\"Domov-ozadnje\" \/><\/figure><\/div><div class=\"swiper-slide\" role=\"group\" aria-roledescription=\"slide\" aria-label=\"4 of 4\"><figure class=\"swiper-slide-inner\"><img decoding=\"async\" class=\"swiper-slide-image\" src=\"https:\/\/gpi-tehnika.si\/wp-content\/uploads\/2021\/02\/foto06.jpg\" alt=\"foto06\" \/><\/figure><\/div>\t\t\t<\/div>\n\t\t\t\t\t\t\t\t\t\t\t\t<div class=\"elementor-swiper-button elementor-swiper-button-prev\" role=\"button\" tabindex=\"0\">\n\t\t\t\t\t\t<i aria-hidden=\"true\" class=\"eicon-chevron-left\"><\/i>\t\t\t\t\t<\/div>\n\t\t\t\t\t<div class=\"elementor-swiper-button elementor-swiper-button-next\" role=\"button\" tabindex=\"0\">\n\t\t\t\t\t\t<i aria-hidden=\"true\" class=\"eicon-chevron-right\"><\/i>\t\t\t\t\t<\/div>\n\t\t\t\t\n\t\t\t\t\t\t\t\t\t<\/div>\n\t\t\t\t\t\t<\/div>\n\t\t\t\t<\/div>\n\t\t\t\t\t<\/div>\n\t\t<\/div>\n\t\t\t\t\t<\/div>\n\t\t<\/section>\n\t\t\t\t<\/div>\n\t\t","protected":false},"excerpt":{"rendered":"<p>Naro\u010dnik: ID Dolnov d.o.o. &#8211; dva stanovanjska bloka s 47 in 72 stanovanjskimi enotami- gara\u017ena hi\u0161a ter pokrita zunanja parkiri\u0161\u010da- zunanja otro\u0161ka igri\u0161\u010da- povr\u0161ina: ve\u010d kot 4000 m2- leto gradnje: 2018 Projekt\u00a0Mrzla dolina je obsegal 2 fazi. I.faza je obsegala gradnjo manj\u0161ega (46 stanovanjskih enot in 1 poslovni prostor), kletnega dela objekta z gara\u017eami in [&hellip;]<\/p>\n","protected":false},"author":1,"featured_media":0,"parent":0,"menu_order":0,"comment_status":"closed","ping_status":"closed","template":"","meta":{"_uag_custom_page_level_css":"","site-sidebar-layout":"default","site-content-layout":"","ast-site-content-layout":"default","site-content-style":"default","site-sidebar-style":"default","ast-global-header-display":"","ast-banner-title-visibility":"","ast-main-header-display":"","ast-hfb-above-header-display":"","ast-hfb-below-header-display":"","ast-hfb-mobile-header-display":"","site-post-title":"","ast-breadcrumbs-content":"","ast-featured-img":"","footer-sml-layout":"","ast-disable-related-posts":"","theme-transparent-header-meta":"","adv-header-id-meta":"","stick-header-meta":"","header-above-stick-meta":"","header-main-stick-meta":"","header-below-stick-meta":"","astra-migrate-meta-layouts":"default","ast-page-background-enabled":"default","ast-page-background-meta":{"desktop":{"background-color":"","background-image":"","background-repeat":"repeat","background-position":"center center","background-size":"auto","background-attachment":"scroll","background-type":"","background-media":"","overlay-type":"","overlay-color":"","overlay-opacity":"","overlay-gradient":""},"tablet":{"background-color":"","background-image":"","background-repeat":"repeat","background-position":"center center","background-size":"auto","background-attachment":"scroll","background-type":"","background-media":"","overlay-type":"","overlay-color":"","overlay-opacity":"","overlay-gradient":""},"mobile":{"background-color":"","background-image":"","background-repeat":"repeat","background-position":"center center","background-size":"auto","background-attachment":"scroll","background-type":"","background-media":"","overlay-type":"","overlay-color":"","overlay-opacity":"","overlay-gradient":""}},"ast-content-background-meta":{"desktop":{"background-color":"var(--ast-global-color-5)","background-image":"","background-repeat":"repeat","background-position":"center center","background-size":"auto","background-attachment":"scroll","background-type":"","background-media":"","overlay-type":"","overlay-color":"","overlay-opacity":"","overlay-gradient":""},"tablet":{"background-color":"var(--ast-global-color-5)","background-image":"","background-repeat":"repeat","background-position":"center center","background-size":"auto","background-attachment":"scroll","background-type":"","background-media":"","overlay-type":"","overlay-color":"","overlay-opacity":"","overlay-gradient":""},"mobile":{"background-color":"var(--ast-global-color-5)","background-image":"","background-repeat":"repeat","background-position":"center center","background-size":"auto","background-attachment":"scroll","background-type":"","background-media":"","overlay-type":"","overlay-color":"","overlay-opacity":"","overlay-gradient":""}},"footnotes":""},"class_list":["post-1470","page","type-page","status-publish","hentry"],"yoast_head":"<!-- This site is optimized with the Yoast SEO plugin v27.5 - https:\/\/yoast.com\/product\/yoast-seo-wordpress\/ -->\n<title>Ve\u010dstanovanjski objekt Mrzla dolina - GPI Tehnika<\/title>\n<meta name=\"robots\" content=\"index, follow, max-snippet:-1, max-image-preview:large, max-video-preview:-1\" \/>\n<link rel=\"canonical\" href=\"https:\/\/gpi-tehnika.si\/index.php\/mrzla_dolina\/\" \/>\n<meta property=\"og:locale\" content=\"sl_SI\" \/>\n<meta property=\"og:type\" content=\"article\" \/>\n<meta property=\"og:title\" content=\"Ve\u010dstanovanjski objekt Mrzla dolina - GPI Tehnika\" \/>\n<meta property=\"og:description\" content=\"Naro\u010dnik: ID Dolnov d.o.o. &#8211; dva stanovanjska bloka s 47 in 72 stanovanjskimi enotami- gara\u017ena hi\u0161a ter pokrita zunanja parkiri\u0161\u010da- zunanja otro\u0161ka igri\u0161\u010da- povr\u0161ina: ve\u010d kot 4000 m2- leto gradnje: 2018 Projekt\u00a0Mrzla dolina je obsegal 2 fazi. I.faza je obsegala gradnjo manj\u0161ega (46 stanovanjskih enot in 1 poslovni prostor), kletnega dela objekta z gara\u017eami in [&hellip;]\" \/>\n<meta property=\"og:url\" content=\"https:\/\/gpi-tehnika.si\/index.php\/mrzla_dolina\/\" \/>\n<meta property=\"og:site_name\" content=\"GPI Tehnika\" \/>\n<meta property=\"article:modified_time\" content=\"2023-12-09T11:04:51+00:00\" \/>\n<meta property=\"og:image\" content=\"https:\/\/gpi-tehnika.si\/wp-content\/uploads\/2019\/12\/Reference-03-Bloki-DOLNOV-scaled.jpg\" \/>\n<meta name=\"twitter:card\" content=\"summary_large_image\" \/>\n<meta name=\"twitter:label1\" content=\"Est. reading time\" \/>\n\t<meta name=\"twitter:data1\" content=\"2 minuti\" \/>\n<script type=\"application\/ld+json\" class=\"yoast-schema-graph\">{\"@context\":\"https:\\\/\\\/schema.org\",\"@graph\":[{\"@type\":\"WebPage\",\"@id\":\"https:\\\/\\\/gpi-tehnika.si\\\/index.php\\\/mrzla_dolina\\\/\",\"url\":\"https:\\\/\\\/gpi-tehnika.si\\\/index.php\\\/mrzla_dolina\\\/\",\"name\":\"Ve\u010dstanovanjski objekt Mrzla dolina - GPI Tehnika\",\"isPartOf\":{\"@id\":\"https:\\\/\\\/gpi-tehnika.si\\\/#website\"},\"primaryImageOfPage\":{\"@id\":\"https:\\\/\\\/gpi-tehnika.si\\\/index.php\\\/mrzla_dolina\\\/#primaryimage\"},\"image\":{\"@id\":\"https:\\\/\\\/gpi-tehnika.si\\\/index.php\\\/mrzla_dolina\\\/#primaryimage\"},\"thumbnailUrl\":\"https:\\\/\\\/gpi-tehnika.si\\\/wp-content\\\/uploads\\\/2019\\\/12\\\/Reference-03-Bloki-DOLNOV-scaled.jpg\",\"datePublished\":\"2023-12-09T10:56:33+00:00\",\"dateModified\":\"2023-12-09T11:04:51+00:00\",\"breadcrumb\":{\"@id\":\"https:\\\/\\\/gpi-tehnika.si\\\/index.php\\\/mrzla_dolina\\\/#breadcrumb\"},\"inLanguage\":\"sl-SI\",\"potentialAction\":[{\"@type\":\"ReadAction\",\"target\":[\"https:\\\/\\\/gpi-tehnika.si\\\/index.php\\\/mrzla_dolina\\\/\"]}]},{\"@type\":\"ImageObject\",\"inLanguage\":\"sl-SI\",\"@id\":\"https:\\\/\\\/gpi-tehnika.si\\\/index.php\\\/mrzla_dolina\\\/#primaryimage\",\"url\":\"https:\\\/\\\/gpi-tehnika.si\\\/wp-content\\\/uploads\\\/2019\\\/12\\\/Reference-03-Bloki-DOLNOV-scaled.jpg\",\"contentUrl\":\"https:\\\/\\\/gpi-tehnika.si\\\/wp-content\\\/uploads\\\/2019\\\/12\\\/Reference-03-Bloki-DOLNOV-scaled.jpg\",\"width\":2560,\"height\":1448,\"caption\":\"Reference - 03 - Bloki DOLNOV\"},{\"@type\":\"BreadcrumbList\",\"@id\":\"https:\\\/\\\/gpi-tehnika.si\\\/index.php\\\/mrzla_dolina\\\/#breadcrumb\",\"itemListElement\":[{\"@type\":\"ListItem\",\"position\":1,\"name\":\"Home\",\"item\":\"https:\\\/\\\/gpi-tehnika.si\\\/\"},{\"@type\":\"ListItem\",\"position\":2,\"name\":\"Ve\u010dstanovanjski objekt Mrzla dolina\"}]},{\"@type\":\"WebSite\",\"@id\":\"https:\\\/\\\/gpi-tehnika.si\\\/#website\",\"url\":\"https:\\\/\\\/gpi-tehnika.si\\\/\",\"name\":\"GPI Tehnika\",\"description\":\"gradimo va\u0161e vizije\",\"publisher\":{\"@id\":\"https:\\\/\\\/gpi-tehnika.si\\\/#organization\"},\"potentialAction\":[{\"@type\":\"SearchAction\",\"target\":{\"@type\":\"EntryPoint\",\"urlTemplate\":\"https:\\\/\\\/gpi-tehnika.si\\\/?s={search_term_string}\"},\"query-input\":{\"@type\":\"PropertyValueSpecification\",\"valueRequired\":true,\"valueName\":\"search_term_string\"}}],\"inLanguage\":\"sl-SI\"},{\"@type\":\"Organization\",\"@id\":\"https:\\\/\\\/gpi-tehnika.si\\\/#organization\",\"name\":\"GPI Tehnika\",\"url\":\"https:\\\/\\\/gpi-tehnika.si\\\/\",\"logo\":{\"@type\":\"ImageObject\",\"inLanguage\":\"sl-SI\",\"@id\":\"https:\\\/\\\/gpi-tehnika.si\\\/#\\\/schema\\\/logo\\\/image\\\/\",\"url\":\"https:\\\/\\\/gpi-tehnika.si\\\/wp-content\\\/uploads\\\/2021\\\/02\\\/cropped-logo-2020.jpg\",\"contentUrl\":\"https:\\\/\\\/gpi-tehnika.si\\\/wp-content\\\/uploads\\\/2021\\\/02\\\/cropped-logo-2020.jpg\",\"width\":1185,\"height\":395,\"caption\":\"GPI Tehnika\"},\"image\":{\"@id\":\"https:\\\/\\\/gpi-tehnika.si\\\/#\\\/schema\\\/logo\\\/image\\\/\"}}]}<\/script>\n<!-- \/ Yoast SEO plugin. -->","yoast_head_json":{"title":"Ve\u010dstanovanjski objekt Mrzla dolina - GPI Tehnika","robots":{"index":"index","follow":"follow","max-snippet":"max-snippet:-1","max-image-preview":"max-image-preview:large","max-video-preview":"max-video-preview:-1"},"canonical":"https:\/\/gpi-tehnika.si\/index.php\/mrzla_dolina\/","og_locale":"sl_SI","og_type":"article","og_title":"Ve\u010dstanovanjski objekt Mrzla dolina - GPI Tehnika","og_description":"Naro\u010dnik: ID Dolnov d.o.o. &#8211; dva stanovanjska bloka s 47 in 72 stanovanjskimi enotami- gara\u017ena hi\u0161a ter pokrita zunanja parkiri\u0161\u010da- zunanja otro\u0161ka igri\u0161\u010da- povr\u0161ina: ve\u010d kot 4000 m2- leto gradnje: 2018 Projekt\u00a0Mrzla dolina je obsegal 2 fazi. I.faza je obsegala gradnjo manj\u0161ega (46 stanovanjskih enot in 1 poslovni prostor), kletnega dela objekta z gara\u017eami in [&hellip;]","og_url":"https:\/\/gpi-tehnika.si\/index.php\/mrzla_dolina\/","og_site_name":"GPI Tehnika","article_modified_time":"2023-12-09T11:04:51+00:00","og_image":[{"url":"https:\/\/gpi-tehnika.si\/wp-content\/uploads\/2019\/12\/Reference-03-Bloki-DOLNOV-scaled.jpg","type":"","width":"","height":""}],"twitter_card":"summary_large_image","twitter_misc":{"Est. reading time":"2 minuti"},"schema":{"@context":"https:\/\/schema.org","@graph":[{"@type":"WebPage","@id":"https:\/\/gpi-tehnika.si\/index.php\/mrzla_dolina\/","url":"https:\/\/gpi-tehnika.si\/index.php\/mrzla_dolina\/","name":"Ve\u010dstanovanjski objekt Mrzla dolina - GPI Tehnika","isPartOf":{"@id":"https:\/\/gpi-tehnika.si\/#website"},"primaryImageOfPage":{"@id":"https:\/\/gpi-tehnika.si\/index.php\/mrzla_dolina\/#primaryimage"},"image":{"@id":"https:\/\/gpi-tehnika.si\/index.php\/mrzla_dolina\/#primaryimage"},"thumbnailUrl":"https:\/\/gpi-tehnika.si\/wp-content\/uploads\/2019\/12\/Reference-03-Bloki-DOLNOV-scaled.jpg","datePublished":"2023-12-09T10:56:33+00:00","dateModified":"2023-12-09T11:04:51+00:00","breadcrumb":{"@id":"https:\/\/gpi-tehnika.si\/index.php\/mrzla_dolina\/#breadcrumb"},"inLanguage":"sl-SI","potentialAction":[{"@type":"ReadAction","target":["https:\/\/gpi-tehnika.si\/index.php\/mrzla_dolina\/"]}]},{"@type":"ImageObject","inLanguage":"sl-SI","@id":"https:\/\/gpi-tehnika.si\/index.php\/mrzla_dolina\/#primaryimage","url":"https:\/\/gpi-tehnika.si\/wp-content\/uploads\/2019\/12\/Reference-03-Bloki-DOLNOV-scaled.jpg","contentUrl":"https:\/\/gpi-tehnika.si\/wp-content\/uploads\/2019\/12\/Reference-03-Bloki-DOLNOV-scaled.jpg","width":2560,"height":1448,"caption":"Reference - 03 - Bloki DOLNOV"},{"@type":"BreadcrumbList","@id":"https:\/\/gpi-tehnika.si\/index.php\/mrzla_dolina\/#breadcrumb","itemListElement":[{"@type":"ListItem","position":1,"name":"Home","item":"https:\/\/gpi-tehnika.si\/"},{"@type":"ListItem","position":2,"name":"Ve\u010dstanovanjski objekt Mrzla dolina"}]},{"@type":"WebSite","@id":"https:\/\/gpi-tehnika.si\/#website","url":"https:\/\/gpi-tehnika.si\/","name":"GPI Tehnika","description":"gradimo va\u0161e vizije","publisher":{"@id":"https:\/\/gpi-tehnika.si\/#organization"},"potentialAction":[{"@type":"SearchAction","target":{"@type":"EntryPoint","urlTemplate":"https:\/\/gpi-tehnika.si\/?s={search_term_string}"},"query-input":{"@type":"PropertyValueSpecification","valueRequired":true,"valueName":"search_term_string"}}],"inLanguage":"sl-SI"},{"@type":"Organization","@id":"https:\/\/gpi-tehnika.si\/#organization","name":"GPI Tehnika","url":"https:\/\/gpi-tehnika.si\/","logo":{"@type":"ImageObject","inLanguage":"sl-SI","@id":"https:\/\/gpi-tehnika.si\/#\/schema\/logo\/image\/","url":"https:\/\/gpi-tehnika.si\/wp-content\/uploads\/2021\/02\/cropped-logo-2020.jpg","contentUrl":"https:\/\/gpi-tehnika.si\/wp-content\/uploads\/2021\/02\/cropped-logo-2020.jpg","width":1185,"height":395,"caption":"GPI Tehnika"},"image":{"@id":"https:\/\/gpi-tehnika.si\/#\/schema\/logo\/image\/"}}]}},"uagb_featured_image_src":{"full":false,"thumbnail":false,"medium":false,"medium_large":false,"large":false,"1536x1536":false,"2048x2048":false},"uagb_author_info":{"display_name":"admin","author_link":"https:\/\/gpi-tehnika.si\/index.php\/author\/gpitehnikausr2\/"},"uagb_comment_info":0,"uagb_excerpt":"Naro\u010dnik: ID Dolnov d.o.o. &#8211; dva stanovanjska bloka s 47 in 72 stanovanjskimi enotami- gara\u017ena hi\u0161a ter pokrita zunanja parkiri\u0161\u010da- zunanja otro\u0161ka igri\u0161\u010da- povr\u0161ina: ve\u010d kot 4000 m2- leto gradnje: 2018 Projekt\u00a0Mrzla dolina je obsegal 2 fazi. I.faza je obsegala gradnjo manj\u0161ega (46 stanovanjskih enot in 1 poslovni prostor), kletnega dela objekta z gara\u017eami in&hellip;","_links":{"self":[{"href":"https:\/\/gpi-tehnika.si\/index.php\/wp-json\/wp\/v2\/pages\/1470","targetHints":{"allow":["GET"]}}],"collection":[{"href":"https:\/\/gpi-tehnika.si\/index.php\/wp-json\/wp\/v2\/pages"}],"about":[{"href":"https:\/\/gpi-tehnika.si\/index.php\/wp-json\/wp\/v2\/types\/page"}],"author":[{"embeddable":true,"href":"https:\/\/gpi-tehnika.si\/index.php\/wp-json\/wp\/v2\/users\/1"}],"replies":[{"embeddable":true,"href":"https:\/\/gpi-tehnika.si\/index.php\/wp-json\/wp\/v2\/comments?post=1470"}],"version-history":[{"count":7,"href":"https:\/\/gpi-tehnika.si\/index.php\/wp-json\/wp\/v2\/pages\/1470\/revisions"}],"predecessor-version":[{"id":1479,"href":"https:\/\/gpi-tehnika.si\/index.php\/wp-json\/wp\/v2\/pages\/1470\/revisions\/1479"}],"wp:attachment":[{"href":"https:\/\/gpi-tehnika.si\/index.php\/wp-json\/wp\/v2\/media?parent=1470"}],"curies":[{"name":"wp","href":"https:\/\/api.w.org\/{rel}","templated":true}]}}