{"id":1488,"date":"2023-12-09T11:22:18","date_gmt":"2023-12-09T11:22:18","guid":{"rendered":"https:\/\/gpi-tehnika.si\/?page_id=1488"},"modified":"2023-12-09T11:26:07","modified_gmt":"2023-12-09T11:26:07","slug":"paradiso","status":"publish","type":"page","link":"https:\/\/gpi-tehnika.si\/index.php\/paradiso\/","title":{"rendered":"Terme Paradiso"},"content":{"rendered":"\t\t<div data-elementor-type=\"wp-page\" data-elementor-id=\"1488\" class=\"elementor elementor-1488\">\n\t\t\t\t\t\t<section class=\"elementor-section elementor-top-section elementor-element elementor-element-cb29249 elementor-section-boxed elementor-section-height-default elementor-section-height-default\" data-id=\"cb29249\" data-element_type=\"section\" data-e-type=\"section\" data-settings=\"{&quot;background_background&quot;:&quot;classic&quot;}\">\n\t\t\t\t\t\t<div class=\"elementor-container elementor-column-gap-default\">\n\t\t\t\t\t<div class=\"elementor-column elementor-col-100 elementor-top-column elementor-element elementor-element-efbc4d6\" data-id=\"efbc4d6\" data-element_type=\"column\" data-e-type=\"column\" data-settings=\"{&quot;background_background&quot;:&quot;classic&quot;}\">\n\t\t\t<div class=\"elementor-widget-wrap elementor-element-populated\">\n\t\t\t\t\t\t<section class=\"elementor-section elementor-inner-section elementor-element elementor-element-b8dec73 elementor-section-boxed elementor-section-height-default elementor-section-height-default\" data-id=\"b8dec73\" data-element_type=\"section\" data-e-type=\"section\">\n\t\t\t\t\t\t<div class=\"elementor-container elementor-column-gap-default\">\n\t\t\t\t\t<div class=\"elementor-column elementor-col-50 elementor-inner-column elementor-element elementor-element-91ca6ef\" data-id=\"91ca6ef\" data-element_type=\"column\" data-e-type=\"column\">\n\t\t\t<div class=\"elementor-widget-wrap elementor-element-populated\">\n\t\t\t\t\t\t<div class=\"elementor-element elementor-element-d97f767 elementor-widget__width-initial elementor-widget elementor-widget-text-editor\" data-id=\"d97f767\" data-element_type=\"widget\" data-e-type=\"widget\" data-widget_type=\"text-editor.default\">\n\t\t\t\t<div class=\"elementor-widget-container\">\n\t\t\t\t\t\t\t\t\t<div data-id=\"0k6n1rl\" data-element_type=\"widget\" data-widget_type=\"heading.default\">\n<div>\n<h5>Naro\u010dnik: Terme Paradiso, Marjan Cvetkovi\u010d s.p.<\/h5>\n<div>\n<div style=\"font-size: 16px; font-style: normal; font-weight: 300; height: var(--spacer-size); color: #000000; font-family: Roboto, sans-serif;\"><strong><span style=\"font-size: 16px;\">&#8211; hotel in spa z wellness centrom v Dobovi<\/span><\/strong><\/div><div style=\"font-size: 16px; font-style: normal; font-weight: 300; height: var(--spacer-size); color: #000000; font-family: Roboto, sans-serif;\"><strong><span style=\"font-size: 16px;\">&#8211; zunanji in notranji bazeni<\/span><\/strong><\/div><div style=\"font-size: 16px; font-style: normal; font-weight: 300; height: var(--spacer-size); color: #000000; font-family: Roboto, sans-serif;\"><strong><span style=\"font-size: 16px;\">&#8211; skupna povr\u0161ina ve\u010d kot 3000 m2<\/span><\/strong><\/div><div style=\"font-size: 16px; font-style: normal; font-weight: 300; height: var(--spacer-size); color: #000000; font-family: Roboto, sans-serif;\"><strong><span style=\"font-size: 16px;\">&#8211; leto gradnje: 2016<\/span><\/strong><\/div>\n<\/div>\n<\/div>\n<\/div>\t\t\t\t\t\t\t\t<\/div>\n\t\t\t\t<\/div>\n\t\t\t\t\t<\/div>\n\t\t<\/div>\n\t\t\t\t<div class=\"elementor-column elementor-col-50 elementor-inner-column elementor-element elementor-element-79c35b3\" data-id=\"79c35b3\" data-element_type=\"column\" data-e-type=\"column\">\n\t\t\t<div class=\"elementor-widget-wrap elementor-element-populated\">\n\t\t\t\t\t\t\t<\/div>\n\t\t<\/div>\n\t\t\t\t\t<\/div>\n\t\t<\/section>\n\t\t\t\t<div class=\"elementor-element elementor-element-65f5ec1 elementor-arrows-position-outside elementor-pagination-position-outside elementor-invisible elementor-widget elementor-widget-image-carousel\" data-id=\"65f5ec1\" data-element_type=\"widget\" data-e-type=\"widget\" data-settings=\"{&quot;slides_to_show&quot;:&quot;2&quot;,&quot;slides_to_scroll&quot;:&quot;1&quot;,&quot;slides_to_show_tablet&quot;:&quot;2&quot;,&quot;slides_to_show_mobile&quot;:&quot;1&quot;,&quot;autoplay&quot;:&quot;no&quot;,&quot;image_spacing_custom&quot;:{&quot;unit&quot;:&quot;px&quot;,&quot;size&quot;:20,&quot;sizes&quot;:[]},&quot;_animation&quot;:&quot;slideInRight&quot;,&quot;navigation&quot;:&quot;both&quot;,&quot;infinite&quot;:&quot;yes&quot;,&quot;speed&quot;:500,&quot;image_spacing_custom_tablet&quot;:{&quot;unit&quot;:&quot;px&quot;,&quot;size&quot;:&quot;&quot;,&quot;sizes&quot;:[]}}\" data-widget_type=\"image-carousel.default\">\n\t\t\t\t<div class=\"elementor-widget-container\">\n\t\t\t\t\t\t\t<div class=\"elementor-image-carousel-wrapper swiper\" role=\"region\" aria-roledescription=\"carousel\" aria-label=\"Image Carousel\" dir=\"ltr\">\n\t\t\t<div class=\"elementor-image-carousel swiper-wrapper\" aria-live=\"polite\">\n\t\t\t\t\t\t\t\t<div class=\"swiper-slide\" role=\"group\" aria-roledescription=\"slide\" aria-label=\"1 of 7\"><figure class=\"swiper-slide-inner\"><img decoding=\"async\" class=\"swiper-slide-image\" src=\"https:\/\/gpi-tehnika.si\/wp-content\/uploads\/2023\/12\/115692061.jpg\" alt=\"115692061\" \/><\/figure><\/div><div class=\"swiper-slide\" role=\"group\" aria-roledescription=\"slide\" aria-label=\"2 of 7\"><figure class=\"swiper-slide-inner\"><img decoding=\"async\" class=\"swiper-slide-image\" src=\"https:\/\/gpi-tehnika.si\/wp-content\/uploads\/2021\/02\/DSC00504.jpg\" alt=\"DSC00504\" \/><\/figure><\/div><div class=\"swiper-slide\" role=\"group\" aria-roledescription=\"slide\" aria-label=\"3 of 7\"><figure class=\"swiper-slide-inner\"><img decoding=\"async\" class=\"swiper-slide-image\" src=\"https:\/\/gpi-tehnika.si\/wp-content\/uploads\/2023\/12\/36527582.jpg\" alt=\"36527582\" \/><\/figure><\/div><div class=\"swiper-slide\" role=\"group\" aria-roledescription=\"slide\" aria-label=\"4 of 7\"><figure class=\"swiper-slide-inner\"><img decoding=\"async\" class=\"swiper-slide-image\" src=\"https:\/\/gpi-tehnika.si\/wp-content\/uploads\/2023\/12\/Paradiso-bazen-modeli-48-POPRAVLJENO-min-1024x709-1.jpg\" alt=\"Paradiso-bazen-modeli-48-POPRAVLJENO-min-1024x709\" \/><\/figure><\/div><div class=\"swiper-slide\" role=\"group\" aria-roledescription=\"slide\" aria-label=\"5 of 7\"><figure class=\"swiper-slide-inner\"><img decoding=\"async\" class=\"swiper-slide-image\" src=\"https:\/\/gpi-tehnika.si\/wp-content\/uploads\/2023\/12\/Paradiso-bazen-modeli-49-768x513-1.jpg\" alt=\"Paradiso-bazen-modeli-49-768x513\" \/><\/figure><\/div><div class=\"swiper-slide\" role=\"group\" aria-roledescription=\"slide\" aria-label=\"6 of 7\"><figure class=\"swiper-slide-inner\"><img decoding=\"async\" class=\"swiper-slide-image\" src=\"https:\/\/gpi-tehnika.si\/wp-content\/uploads\/2023\/12\/Pticja-perspektiva-3-1024x705-1.png\" alt=\"Pticja-perspektiva-3-1024x705\" \/><\/figure><\/div><div class=\"swiper-slide\" role=\"group\" aria-roledescription=\"slide\" aria-label=\"7 of 7\"><figure class=\"swiper-slide-inner\"><img decoding=\"async\" class=\"swiper-slide-image\" src=\"https:\/\/gpi-tehnika.si\/wp-content\/uploads\/2023\/12\/Teme-Paradiso-FU7B0830.jpg\" alt=\"Teme-Paradiso-FU7B0830\" \/><\/figure><\/div>\t\t\t<\/div>\n\t\t\t\t\t\t\t\t\t\t\t\t<div class=\"elementor-swiper-button elementor-swiper-button-prev\" role=\"button\" tabindex=\"0\">\n\t\t\t\t\t\t<i aria-hidden=\"true\" class=\"eicon-chevron-left\"><\/i>\t\t\t\t\t<\/div>\n\t\t\t\t\t<div class=\"elementor-swiper-button elementor-swiper-button-next\" role=\"button\" tabindex=\"0\">\n\t\t\t\t\t\t<i aria-hidden=\"true\" class=\"eicon-chevron-right\"><\/i>\t\t\t\t\t<\/div>\n\t\t\t\t\n\t\t\t\t\t\t\t\t\t<div class=\"swiper-pagination\"><\/div>\n\t\t\t\t\t\t\t\t\t<\/div>\n\t\t\t\t\t\t<\/div>\n\t\t\t\t<\/div>\n\t\t\t\t\t<\/div>\n\t\t<\/div>\n\t\t\t\t\t<\/div>\n\t\t<\/section>\n\t\t\t\t<\/div>\n\t\t","protected":false},"excerpt":{"rendered":"<p>Naro\u010dnik: Terme Paradiso, Marjan Cvetkovi\u010d s.p. &#8211; hotel in spa z wellness centrom v Dobovi&#8211; zunanji in notranji bazeni&#8211; skupna povr\u0161ina ve\u010d kot 3000 m2&#8211; leto gradnje: 2016<\/p>\n","protected":false},"author":1,"featured_media":0,"parent":0,"menu_order":0,"comment_status":"closed","ping_status":"closed","template":"","meta":{"_uag_custom_page_level_css":"","site-sidebar-layout":"default","site-content-layout":"","ast-site-content-layout":"default","site-content-style":"default","site-sidebar-style":"default","ast-global-header-display":"","ast-banner-title-visibility":"","ast-main-header-display":"","ast-hfb-above-header-display":"","ast-hfb-below-header-display":"","ast-hfb-mobile-header-display":"","site-post-title":"","ast-breadcrumbs-content":"","ast-featured-img":"","footer-sml-layout":"","ast-disable-related-posts":"","theme-transparent-header-meta":"","adv-header-id-meta":"","stick-header-meta":"","header-above-stick-meta":"","header-main-stick-meta":"","header-below-stick-meta":"","astra-migrate-meta-layouts":"default","ast-page-background-enabled":"default","ast-page-background-meta":{"desktop":{"background-color":"","background-image":"","background-repeat":"repeat","background-position":"center center","background-size":"auto","background-attachment":"scroll","background-type":"","background-media":"","overlay-type":"","overlay-color":"","overlay-opacity":"","overlay-gradient":""},"tablet":{"background-color":"","background-image":"","background-repeat":"repeat","background-position":"center center","background-size":"auto","background-attachment":"scroll","background-type":"","background-media":"","overlay-type":"","overlay-color":"","overlay-opacity":"","overlay-gradient":""},"mobile":{"background-color":"","background-image":"","background-repeat":"repeat","background-position":"center center","background-size":"auto","background-attachment":"scroll","background-type":"","background-media":"","overlay-type":"","overlay-color":"","overlay-opacity":"","overlay-gradient":""}},"ast-content-background-meta":{"desktop":{"background-color":"var(--ast-global-color-5)","background-image":"","background-repeat":"repeat","background-position":"center center","background-size":"auto","background-attachment":"scroll","background-type":"","background-media":"","overlay-type":"","overlay-color":"","overlay-opacity":"","overlay-gradient":""},"tablet":{"background-color":"var(--ast-global-color-5)","background-image":"","background-repeat":"repeat","background-position":"center center","background-size":"auto","background-attachment":"scroll","background-type":"","background-media":"","overlay-type":"","overlay-color":"","overlay-opacity":"","overlay-gradient":""},"mobile":{"background-color":"var(--ast-global-color-5)","background-image":"","background-repeat":"repeat","background-position":"center center","background-size":"auto","background-attachment":"scroll","background-type":"","background-media":"","overlay-type":"","overlay-color":"","overlay-opacity":"","overlay-gradient":""}},"footnotes":""},"class_list":["post-1488","page","type-page","status-publish","hentry"],"yoast_head":"<!-- This site is optimized with the Yoast SEO plugin v27.5 - https:\/\/yoast.com\/product\/yoast-seo-wordpress\/ -->\n<title>Terme Paradiso - GPI Tehnika<\/title>\n<meta name=\"robots\" content=\"index, follow, max-snippet:-1, max-image-preview:large, max-video-preview:-1\" \/>\n<link rel=\"canonical\" href=\"https:\/\/gpi-tehnika.si\/index.php\/paradiso\/\" \/>\n<meta property=\"og:locale\" content=\"sl_SI\" \/>\n<meta property=\"og:type\" content=\"article\" \/>\n<meta property=\"og:title\" content=\"Terme Paradiso - GPI Tehnika\" \/>\n<meta property=\"og:description\" content=\"Naro\u010dnik: Terme Paradiso, Marjan Cvetkovi\u010d s.p. &#8211; hotel in spa z wellness centrom v Dobovi&#8211; zunanji in notranji bazeni&#8211; skupna povr\u0161ina ve\u010d kot 3000 m2&#8211; leto gradnje: 2016\" \/>\n<meta property=\"og:url\" content=\"https:\/\/gpi-tehnika.si\/index.php\/paradiso\/\" \/>\n<meta property=\"og:site_name\" content=\"GPI Tehnika\" \/>\n<meta property=\"article:modified_time\" content=\"2023-12-09T11:26:07+00:00\" \/>\n<meta property=\"og:image\" content=\"https:\/\/gpi-tehnika.si\/wp-content\/uploads\/2023\/12\/115692061.jpg\" \/>\n<meta name=\"twitter:card\" content=\"summary_large_image\" \/>\n<meta name=\"twitter:label1\" content=\"Est. reading time\" \/>\n\t<meta name=\"twitter:data1\" content=\"2 minuti\" \/>\n<script type=\"application\/ld+json\" class=\"yoast-schema-graph\">{\"@context\":\"https:\\\/\\\/schema.org\",\"@graph\":[{\"@type\":\"WebPage\",\"@id\":\"https:\\\/\\\/gpi-tehnika.si\\\/index.php\\\/paradiso\\\/\",\"url\":\"https:\\\/\\\/gpi-tehnika.si\\\/index.php\\\/paradiso\\\/\",\"name\":\"Terme Paradiso - GPI Tehnika\",\"isPartOf\":{\"@id\":\"https:\\\/\\\/gpi-tehnika.si\\\/#website\"},\"primaryImageOfPage\":{\"@id\":\"https:\\\/\\\/gpi-tehnika.si\\\/index.php\\\/paradiso\\\/#primaryimage\"},\"image\":{\"@id\":\"https:\\\/\\\/gpi-tehnika.si\\\/index.php\\\/paradiso\\\/#primaryimage\"},\"thumbnailUrl\":\"https:\\\/\\\/gpi-tehnika.si\\\/wp-content\\\/uploads\\\/2023\\\/12\\\/115692061.jpg\",\"datePublished\":\"2023-12-09T11:22:18+00:00\",\"dateModified\":\"2023-12-09T11:26:07+00:00\",\"breadcrumb\":{\"@id\":\"https:\\\/\\\/gpi-tehnika.si\\\/index.php\\\/paradiso\\\/#breadcrumb\"},\"inLanguage\":\"sl-SI\",\"potentialAction\":[{\"@type\":\"ReadAction\",\"target\":[\"https:\\\/\\\/gpi-tehnika.si\\\/index.php\\\/paradiso\\\/\"]}]},{\"@type\":\"ImageObject\",\"inLanguage\":\"sl-SI\",\"@id\":\"https:\\\/\\\/gpi-tehnika.si\\\/index.php\\\/paradiso\\\/#primaryimage\",\"url\":\"https:\\\/\\\/gpi-tehnika.si\\\/wp-content\\\/uploads\\\/2023\\\/12\\\/115692061.jpg\",\"contentUrl\":\"https:\\\/\\\/gpi-tehnika.si\\\/wp-content\\\/uploads\\\/2023\\\/12\\\/115692061.jpg\",\"width\":1280,\"height\":859},{\"@type\":\"BreadcrumbList\",\"@id\":\"https:\\\/\\\/gpi-tehnika.si\\\/index.php\\\/paradiso\\\/#breadcrumb\",\"itemListElement\":[{\"@type\":\"ListItem\",\"position\":1,\"name\":\"Home\",\"item\":\"https:\\\/\\\/gpi-tehnika.si\\\/\"},{\"@type\":\"ListItem\",\"position\":2,\"name\":\"Terme Paradiso\"}]},{\"@type\":\"WebSite\",\"@id\":\"https:\\\/\\\/gpi-tehnika.si\\\/#website\",\"url\":\"https:\\\/\\\/gpi-tehnika.si\\\/\",\"name\":\"GPI Tehnika\",\"description\":\"gradimo va\u0161e vizije\",\"publisher\":{\"@id\":\"https:\\\/\\\/gpi-tehnika.si\\\/#organization\"},\"potentialAction\":[{\"@type\":\"SearchAction\",\"target\":{\"@type\":\"EntryPoint\",\"urlTemplate\":\"https:\\\/\\\/gpi-tehnika.si\\\/?s={search_term_string}\"},\"query-input\":{\"@type\":\"PropertyValueSpecification\",\"valueRequired\":true,\"valueName\":\"search_term_string\"}}],\"inLanguage\":\"sl-SI\"},{\"@type\":\"Organization\",\"@id\":\"https:\\\/\\\/gpi-tehnika.si\\\/#organization\",\"name\":\"GPI Tehnika\",\"url\":\"https:\\\/\\\/gpi-tehnika.si\\\/\",\"logo\":{\"@type\":\"ImageObject\",\"inLanguage\":\"sl-SI\",\"@id\":\"https:\\\/\\\/gpi-tehnika.si\\\/#\\\/schema\\\/logo\\\/image\\\/\",\"url\":\"https:\\\/\\\/gpi-tehnika.si\\\/wp-content\\\/uploads\\\/2021\\\/02\\\/cropped-logo-2020.jpg\",\"contentUrl\":\"https:\\\/\\\/gpi-tehnika.si\\\/wp-content\\\/uploads\\\/2021\\\/02\\\/cropped-logo-2020.jpg\",\"width\":1185,\"height\":395,\"caption\":\"GPI Tehnika\"},\"image\":{\"@id\":\"https:\\\/\\\/gpi-tehnika.si\\\/#\\\/schema\\\/logo\\\/image\\\/\"}}]}<\/script>\n<!-- \/ Yoast SEO plugin. -->","yoast_head_json":{"title":"Terme Paradiso - GPI Tehnika","robots":{"index":"index","follow":"follow","max-snippet":"max-snippet:-1","max-image-preview":"max-image-preview:large","max-video-preview":"max-video-preview:-1"},"canonical":"https:\/\/gpi-tehnika.si\/index.php\/paradiso\/","og_locale":"sl_SI","og_type":"article","og_title":"Terme Paradiso - GPI Tehnika","og_description":"Naro\u010dnik: Terme Paradiso, Marjan Cvetkovi\u010d s.p. &#8211; hotel in spa z wellness centrom v Dobovi&#8211; zunanji in notranji bazeni&#8211; skupna povr\u0161ina ve\u010d kot 3000 m2&#8211; leto gradnje: 2016","og_url":"https:\/\/gpi-tehnika.si\/index.php\/paradiso\/","og_site_name":"GPI Tehnika","article_modified_time":"2023-12-09T11:26:07+00:00","og_image":[{"url":"https:\/\/gpi-tehnika.si\/wp-content\/uploads\/2023\/12\/115692061.jpg","type":"","width":"","height":""}],"twitter_card":"summary_large_image","twitter_misc":{"Est. reading time":"2 minuti"},"schema":{"@context":"https:\/\/schema.org","@graph":[{"@type":"WebPage","@id":"https:\/\/gpi-tehnika.si\/index.php\/paradiso\/","url":"https:\/\/gpi-tehnika.si\/index.php\/paradiso\/","name":"Terme Paradiso - GPI Tehnika","isPartOf":{"@id":"https:\/\/gpi-tehnika.si\/#website"},"primaryImageOfPage":{"@id":"https:\/\/gpi-tehnika.si\/index.php\/paradiso\/#primaryimage"},"image":{"@id":"https:\/\/gpi-tehnika.si\/index.php\/paradiso\/#primaryimage"},"thumbnailUrl":"https:\/\/gpi-tehnika.si\/wp-content\/uploads\/2023\/12\/115692061.jpg","datePublished":"2023-12-09T11:22:18+00:00","dateModified":"2023-12-09T11:26:07+00:00","breadcrumb":{"@id":"https:\/\/gpi-tehnika.si\/index.php\/paradiso\/#breadcrumb"},"inLanguage":"sl-SI","potentialAction":[{"@type":"ReadAction","target":["https:\/\/gpi-tehnika.si\/index.php\/paradiso\/"]}]},{"@type":"ImageObject","inLanguage":"sl-SI","@id":"https:\/\/gpi-tehnika.si\/index.php\/paradiso\/#primaryimage","url":"https:\/\/gpi-tehnika.si\/wp-content\/uploads\/2023\/12\/115692061.jpg","contentUrl":"https:\/\/gpi-tehnika.si\/wp-content\/uploads\/2023\/12\/115692061.jpg","width":1280,"height":859},{"@type":"BreadcrumbList","@id":"https:\/\/gpi-tehnika.si\/index.php\/paradiso\/#breadcrumb","itemListElement":[{"@type":"ListItem","position":1,"name":"Home","item":"https:\/\/gpi-tehnika.si\/"},{"@type":"ListItem","position":2,"name":"Terme Paradiso"}]},{"@type":"WebSite","@id":"https:\/\/gpi-tehnika.si\/#website","url":"https:\/\/gpi-tehnika.si\/","name":"GPI Tehnika","description":"gradimo va\u0161e vizije","publisher":{"@id":"https:\/\/gpi-tehnika.si\/#organization"},"potentialAction":[{"@type":"SearchAction","target":{"@type":"EntryPoint","urlTemplate":"https:\/\/gpi-tehnika.si\/?s={search_term_string}"},"query-input":{"@type":"PropertyValueSpecification","valueRequired":true,"valueName":"search_term_string"}}],"inLanguage":"sl-SI"},{"@type":"Organization","@id":"https:\/\/gpi-tehnika.si\/#organization","name":"GPI Tehnika","url":"https:\/\/gpi-tehnika.si\/","logo":{"@type":"ImageObject","inLanguage":"sl-SI","@id":"https:\/\/gpi-tehnika.si\/#\/schema\/logo\/image\/","url":"https:\/\/gpi-tehnika.si\/wp-content\/uploads\/2021\/02\/cropped-logo-2020.jpg","contentUrl":"https:\/\/gpi-tehnika.si\/wp-content\/uploads\/2021\/02\/cropped-logo-2020.jpg","width":1185,"height":395,"caption":"GPI Tehnika"},"image":{"@id":"https:\/\/gpi-tehnika.si\/#\/schema\/logo\/image\/"}}]}},"uagb_featured_image_src":{"full":false,"thumbnail":false,"medium":false,"medium_large":false,"large":false,"1536x1536":false,"2048x2048":false},"uagb_author_info":{"display_name":"admin","author_link":"https:\/\/gpi-tehnika.si\/index.php\/author\/gpitehnikausr2\/"},"uagb_comment_info":0,"uagb_excerpt":"Naro\u010dnik: Terme Paradiso, Marjan Cvetkovi\u010d s.p. &#8211; hotel in spa z wellness centrom v Dobovi&#8211; zunanji in notranji bazeni&#8211; skupna povr\u0161ina ve\u010d kot 3000 m2&#8211; leto gradnje: 2016","_links":{"self":[{"href":"https:\/\/gpi-tehnika.si\/index.php\/wp-json\/wp\/v2\/pages\/1488","targetHints":{"allow":["GET"]}}],"collection":[{"href":"https:\/\/gpi-tehnika.si\/index.php\/wp-json\/wp\/v2\/pages"}],"about":[{"href":"https:\/\/gpi-tehnika.si\/index.php\/wp-json\/wp\/v2\/types\/page"}],"author":[{"embeddable":true,"href":"https:\/\/gpi-tehnika.si\/index.php\/wp-json\/wp\/v2\/users\/1"}],"replies":[{"embeddable":true,"href":"https:\/\/gpi-tehnika.si\/index.php\/wp-json\/wp\/v2\/comments?post=1488"}],"version-history":[{"count":4,"href":"https:\/\/gpi-tehnika.si\/index.php\/wp-json\/wp\/v2\/pages\/1488\/revisions"}],"predecessor-version":[{"id":1497,"href":"https:\/\/gpi-tehnika.si\/index.php\/wp-json\/wp\/v2\/pages\/1488\/revisions\/1497"}],"wp:attachment":[{"href":"https:\/\/gpi-tehnika.si\/index.php\/wp-json\/wp\/v2\/media?parent=1488"}],"curies":[{"name":"wp","href":"https:\/\/api.w.org\/{rel}","templated":true}]}}