{"id":1626,"date":"2024-01-06T12:23:18","date_gmt":"2024-01-06T12:23:18","guid":{"rendered":"https:\/\/gpi-tehnika.si\/?page_id=1626"},"modified":"2024-01-06T12:38:46","modified_gmt":"2024-01-06T12:38:46","slug":"vrtec-videk","status":"publish","type":"page","link":"https:\/\/gpi-tehnika.si\/index.php\/vrtec-videk\/","title":{"rendered":"Vrtec Videk"},"content":{"rendered":"\t\t<div data-elementor-type=\"wp-page\" data-elementor-id=\"1626\" class=\"elementor elementor-1626\">\n\t\t\t\t\t\t<section class=\"elementor-section elementor-top-section elementor-element elementor-element-cb29249 elementor-section-boxed elementor-section-height-default elementor-section-height-default\" data-id=\"cb29249\" data-element_type=\"section\" data-e-type=\"section\" data-settings=\"{&quot;background_background&quot;:&quot;classic&quot;}\">\n\t\t\t\t\t\t<div class=\"elementor-container elementor-column-gap-default\">\n\t\t\t\t\t<div class=\"elementor-column elementor-col-100 elementor-top-column elementor-element elementor-element-efbc4d6\" data-id=\"efbc4d6\" data-element_type=\"column\" data-e-type=\"column\" data-settings=\"{&quot;background_background&quot;:&quot;classic&quot;}\">\n\t\t\t<div class=\"elementor-widget-wrap elementor-element-populated\">\n\t\t\t\t\t\t<section class=\"elementor-section elementor-inner-section elementor-element elementor-element-b8dec73 elementor-section-boxed elementor-section-height-default elementor-section-height-default\" data-id=\"b8dec73\" data-element_type=\"section\" data-e-type=\"section\">\n\t\t\t\t\t\t<div class=\"elementor-container elementor-column-gap-default\">\n\t\t\t\t\t<div class=\"elementor-column elementor-col-50 elementor-inner-column elementor-element elementor-element-91ca6ef\" data-id=\"91ca6ef\" data-element_type=\"column\" data-e-type=\"column\">\n\t\t\t<div class=\"elementor-widget-wrap elementor-element-populated\">\n\t\t\t\t\t\t<div class=\"elementor-element elementor-element-d97f767 elementor-widget__width-initial elementor-widget elementor-widget-text-editor\" data-id=\"d97f767\" data-element_type=\"widget\" data-e-type=\"widget\" data-widget_type=\"text-editor.default\">\n\t\t\t\t<div class=\"elementor-widget-container\">\n\t\t\t\t\t\t\t\t\t<div data-id=\"0k6n1rl\" data-element_type=\"widget\" data-widget_type=\"heading.default\"><div><h5>Naro\u010dnik: Ob\u010dina Ivan\u010dna Gorica<\/h5><div><div style=\"font-size: 16px; font-style: normal; font-weight: 300; height: var(--spacer-size); color: #000000; font-family: Roboto, sans-serif;\"><strong><span style=\"font-size: 16px;\">&#8211; leto gradnje: 2023<\/span><\/strong><\/div><div style=\"font-size: 16px; font-style: normal; font-weight: 300; height: var(--spacer-size); color: #000000; font-family: Roboto, sans-serif;\"><strong><span style=\"font-size: 16px;\">&#8211; 8 oddelkov<\/span><\/strong><\/div><\/div><\/div><\/div>\t\t\t\t\t\t\t\t<\/div>\n\t\t\t\t<\/div>\n\t\t\t\t\t<\/div>\n\t\t<\/div>\n\t\t\t\t<div class=\"elementor-column elementor-col-50 elementor-inner-column elementor-element elementor-element-79c35b3\" data-id=\"79c35b3\" data-element_type=\"column\" data-e-type=\"column\">\n\t\t\t<div class=\"elementor-widget-wrap elementor-element-populated\">\n\t\t\t\t\t\t<div class=\"elementor-element elementor-element-051de20 elementor-widget elementor-widget-text-editor\" data-id=\"051de20\" data-element_type=\"widget\" data-e-type=\"widget\" data-widget_type=\"text-editor.default\">\n\t\t\t\t<div class=\"elementor-widget-container\">\n\t\t\t\t\t\t\t\t\t<p>Vrtec Videk je\u00a0 najve\u010dja enota Vrtca Ivan\u010dna Gorica. V svoje nove rumeno-zelene igralnice sprejme do 150 pred\u0161olskih otrok, ki imajo iobilo prilo\u017enosti za igro, ustvarjanje, raziskovanje, gibanje in u\u010denje, tako v stavbi vrtca, kakor tudi na igri\u0161\u010du in v \u0161ir\u0161i okolici. Ustvarjalci stavbe so o vsem dobro razmislili. Prostori so veliki, svetli in ponujajo zdravo in prijetno bivanje. Poleg igralnic so vzgojiteljem na razpolago tudi dodatni prostori za sodelovanje s star\u0161i in delo z otroki s posebnimi potrebami. Najve\u010dji prostor v hi\u0161i je telovadnica oziroma ve\u010dnamenska dvorana, ki za vrtec zagotovo pomeni posebnost. \u00a0Seveda so tu tudi moderno opremljena kuhinja, ki bo poskrbela za zdravo prehrano otrokom tudi v starem \u0161entvi\u0161kem Vrtcu \u010cebelica in upravni prostori z ve\u010djo zbornico za strokovne\u00a0 delavce ter druge zaposlene. Igri\u0161\u010de vrtca je razgibano in naravno razdeljeno v dva dela: za mlaj\u0161e in za starej\u0161e otroke. Amfiteaterska postavitev dela igri\u0161\u010da omogo\u010da poleg igre na prostem, tudi zunanje prireditve ali druge posebne dogodke<\/p>\t\t\t\t\t\t\t\t<\/div>\n\t\t\t\t<\/div>\n\t\t\t\t\t<\/div>\n\t\t<\/div>\n\t\t\t\t\t<\/div>\n\t\t<\/section>\n\t\t\t\t<div class=\"elementor-element elementor-element-65f5ec1 elementor-arrows-position-outside elementor-pagination-position-outside elementor-invisible elementor-widget elementor-widget-image-carousel\" data-id=\"65f5ec1\" data-element_type=\"widget\" data-e-type=\"widget\" data-settings=\"{&quot;slides_to_show&quot;:&quot;2&quot;,&quot;slides_to_scroll&quot;:&quot;1&quot;,&quot;slides_to_show_tablet&quot;:&quot;2&quot;,&quot;slides_to_show_mobile&quot;:&quot;1&quot;,&quot;autoplay&quot;:&quot;no&quot;,&quot;image_spacing_custom&quot;:{&quot;unit&quot;:&quot;px&quot;,&quot;size&quot;:20,&quot;sizes&quot;:[]},&quot;_animation&quot;:&quot;slideInRight&quot;,&quot;navigation&quot;:&quot;both&quot;,&quot;infinite&quot;:&quot;yes&quot;,&quot;speed&quot;:500,&quot;image_spacing_custom_tablet&quot;:{&quot;unit&quot;:&quot;px&quot;,&quot;size&quot;:&quot;&quot;,&quot;sizes&quot;:[]}}\" data-widget_type=\"image-carousel.default\">\n\t\t\t\t<div class=\"elementor-widget-container\">\n\t\t\t\t\t\t\t<div class=\"elementor-image-carousel-wrapper swiper\" role=\"region\" aria-roledescription=\"carousel\" aria-label=\"Image Carousel\" dir=\"ltr\">\n\t\t\t<div class=\"elementor-image-carousel swiper-wrapper\" aria-live=\"polite\">\n\t\t\t\t\t\t\t\t<div class=\"swiper-slide\" role=\"group\" aria-roledescription=\"slide\" aria-label=\"1 of 7\"><figure class=\"swiper-slide-inner\"><img decoding=\"async\" class=\"swiper-slide-image\" src=\"https:\/\/gpi-tehnika.si\/wp-content\/uploads\/2023\/12\/7736_1668287839_465796dsc_7851.jpg\" alt=\"Vrtec Videk\" \/><\/figure><\/div><div class=\"swiper-slide\" role=\"group\" aria-roledescription=\"slide\" aria-label=\"2 of 7\"><figure class=\"swiper-slide-inner\"><img decoding=\"async\" class=\"swiper-slide-image\" src=\"https:\/\/gpi-tehnika.si\/wp-content\/uploads\/2024\/01\/7736_1667981841_695670_1-2-scaled.jpg\" alt=\"7736_1667981841_695670_1 (2)\" \/><\/figure><\/div><div class=\"swiper-slide\" role=\"group\" aria-roledescription=\"slide\" aria-label=\"3 of 7\"><figure class=\"swiper-slide-inner\"><img decoding=\"async\" class=\"swiper-slide-image\" src=\"https:\/\/gpi-tehnika.si\/wp-content\/uploads\/2024\/01\/7736_1667254642_462361dsc_0895-Copy.jpg\" alt=\"7736_1667254642_462361dsc_0895 - Copy\" \/><\/figure><\/div><div class=\"swiper-slide\" role=\"group\" aria-roledescription=\"slide\" aria-label=\"4 of 7\"><figure class=\"swiper-slide-inner\"><img decoding=\"async\" class=\"swiper-slide-image\" src=\"https:\/\/gpi-tehnika.si\/wp-content\/uploads\/2024\/01\/7736_1667254639_462355dsc_0876-Copy.jpg\" alt=\"7736_1667254639_462355dsc_0876 - Copy\" \/><\/figure><\/div><div class=\"swiper-slide\" role=\"group\" aria-roledescription=\"slide\" aria-label=\"5 of 7\"><figure class=\"swiper-slide-inner\"><img decoding=\"async\" class=\"swiper-slide-image\" src=\"https:\/\/gpi-tehnika.si\/wp-content\/uploads\/2024\/01\/7736_1667254641_462359dsc_0891-Copy.jpg\" alt=\"7736_1667254641_462359dsc_0891 - Copy\" \/><\/figure><\/div><div class=\"swiper-slide\" role=\"group\" aria-roledescription=\"slide\" aria-label=\"6 of 7\"><figure class=\"swiper-slide-inner\"><img decoding=\"async\" class=\"swiper-slide-image\" src=\"https:\/\/gpi-tehnika.si\/wp-content\/uploads\/2024\/01\/7736_1667254637_462350dsc_0860.jpg\" alt=\"7736_1667254637_462350dsc_0860\" \/><\/figure><\/div><div class=\"swiper-slide\" role=\"group\" aria-roledescription=\"slide\" aria-label=\"7 of 7\"><figure class=\"swiper-slide-inner\"><img decoding=\"async\" class=\"swiper-slide-image\" src=\"https:\/\/gpi-tehnika.si\/wp-content\/uploads\/2024\/01\/7736_1667254635_694943_1-scaled.jpg\" alt=\"7736_1667254635_694943_1\" \/><\/figure><\/div>\t\t\t<\/div>\n\t\t\t\t\t\t\t\t\t\t\t\t<div class=\"elementor-swiper-button elementor-swiper-button-prev\" role=\"button\" tabindex=\"0\">\n\t\t\t\t\t\t<i aria-hidden=\"true\" class=\"eicon-chevron-left\"><\/i>\t\t\t\t\t<\/div>\n\t\t\t\t\t<div class=\"elementor-swiper-button elementor-swiper-button-next\" role=\"button\" tabindex=\"0\">\n\t\t\t\t\t\t<i aria-hidden=\"true\" class=\"eicon-chevron-right\"><\/i>\t\t\t\t\t<\/div>\n\t\t\t\t\n\t\t\t\t\t\t\t\t\t<div class=\"swiper-pagination\"><\/div>\n\t\t\t\t\t\t\t\t\t<\/div>\n\t\t\t\t\t\t<\/div>\n\t\t\t\t<\/div>\n\t\t\t\t\t<\/div>\n\t\t<\/div>\n\t\t\t\t\t<\/div>\n\t\t<\/section>\n\t\t\t\t<section class=\"elementor-section elementor-top-section elementor-element elementor-element-fd0b96a elementor-section-boxed elementor-section-height-default elementor-section-height-default\" data-id=\"fd0b96a\" data-element_type=\"section\" data-e-type=\"section\" data-settings=\"{&quot;background_background&quot;:&quot;classic&quot;}\">\n\t\t\t\t\t\t<div class=\"elementor-container elementor-column-gap-default\">\n\t\t\t\t\t<div class=\"elementor-column elementor-col-100 elementor-top-column elementor-element elementor-element-19a8558\" data-id=\"19a8558\" data-element_type=\"column\" data-e-type=\"column\" data-settings=\"{&quot;background_background&quot;:&quot;classic&quot;}\">\n\t\t\t<div class=\"elementor-widget-wrap elementor-element-populated\">\n\t\t\t\t\t\t<div class=\"elementor-element elementor-element-ea38635 elementor-widget elementor-widget-video\" data-id=\"ea38635\" data-element_type=\"widget\" data-e-type=\"widget\" data-settings=\"{&quot;youtube_url&quot;:&quot;https:\\\/\\\/www.youtube.com\\\/watch?v=UHrxv8apqoA&quot;,&quot;video_type&quot;:&quot;youtube&quot;,&quot;controls&quot;:&quot;yes&quot;}\" data-widget_type=\"video.default\">\n\t\t\t\t<div class=\"elementor-widget-container\">\n\t\t\t\t\t\t\t<div class=\"elementor-wrapper elementor-open-inline\">\n\t\t\t<div class=\"elementor-video\"><\/div>\t\t<\/div>\n\t\t\t\t\t\t<\/div>\n\t\t\t\t<\/div>\n\t\t\t\t\t<\/div>\n\t\t<\/div>\n\t\t\t\t\t<\/div>\n\t\t<\/section>\n\t\t\t\t<\/div>\n\t\t","protected":false},"excerpt":{"rendered":"<p>Naro\u010dnik: Ob\u010dina Ivan\u010dna Gorica &#8211; leto gradnje: 2023&#8211; 8 oddelkov Vrtec Videk je\u00a0 najve\u010dja enota Vrtca Ivan\u010dna Gorica. V svoje nove rumeno-zelene igralnice sprejme do 150 pred\u0161olskih otrok, ki imajo iobilo prilo\u017enosti za igro, ustvarjanje, raziskovanje, gibanje in u\u010denje, tako v stavbi vrtca, kakor tudi na igri\u0161\u010du in v \u0161ir\u0161i okolici. Ustvarjalci stavbe so o [&hellip;]<\/p>\n","protected":false},"author":1,"featured_media":0,"parent":0,"menu_order":0,"comment_status":"closed","ping_status":"closed","template":"","meta":{"_uag_custom_page_level_css":"","site-sidebar-layout":"default","site-content-layout":"","ast-site-content-layout":"default","site-content-style":"default","site-sidebar-style":"default","ast-global-header-display":"","ast-banner-title-visibility":"","ast-main-header-display":"","ast-hfb-above-header-display":"","ast-hfb-below-header-display":"","ast-hfb-mobile-header-display":"","site-post-title":"","ast-breadcrumbs-content":"","ast-featured-img":"","footer-sml-layout":"","ast-disable-related-posts":"","theme-transparent-header-meta":"","adv-header-id-meta":"","stick-header-meta":"","header-above-stick-meta":"","header-main-stick-meta":"","header-below-stick-meta":"","astra-migrate-meta-layouts":"set","ast-page-background-enabled":"default","ast-page-background-meta":{"desktop":{"background-color":"","background-image":"","background-repeat":"repeat","background-position":"center center","background-size":"auto","background-attachment":"scroll","background-type":"","background-media":"","overlay-type":"","overlay-color":"","overlay-opacity":"","overlay-gradient":""},"tablet":{"background-color":"","background-image":"","background-repeat":"repeat","background-position":"center center","background-size":"auto","background-attachment":"scroll","background-type":"","background-media":"","overlay-type":"","overlay-color":"","overlay-opacity":"","overlay-gradient":""},"mobile":{"background-color":"","background-image":"","background-repeat":"repeat","background-position":"center center","background-size":"auto","background-attachment":"scroll","background-type":"","background-media":"","overlay-type":"","overlay-color":"","overlay-opacity":"","overlay-gradient":""}},"ast-content-background-meta":{"desktop":{"background-color":"var(--ast-global-color-5)","background-image":"","background-repeat":"repeat","background-position":"center center","background-size":"auto","background-attachment":"scroll","background-type":"","background-media":"","overlay-type":"","overlay-color":"","overlay-opacity":"","overlay-gradient":""},"tablet":{"background-color":"var(--ast-global-color-5)","background-image":"","background-repeat":"repeat","background-position":"center center","background-size":"auto","background-attachment":"scroll","background-type":"","background-media":"","overlay-type":"","overlay-color":"","overlay-opacity":"","overlay-gradient":""},"mobile":{"background-color":"var(--ast-global-color-5)","background-image":"","background-repeat":"repeat","background-position":"center center","background-size":"auto","background-attachment":"scroll","background-type":"","background-media":"","overlay-type":"","overlay-color":"","overlay-opacity":"","overlay-gradient":""}},"footnotes":""},"class_list":["post-1626","page","type-page","status-publish","hentry"],"yoast_head":"<!-- This site is optimized with the Yoast SEO plugin v27.5 - https:\/\/yoast.com\/product\/yoast-seo-wordpress\/ -->\n<title>Vrtec Videk - GPI Tehnika<\/title>\n<meta name=\"robots\" content=\"index, follow, max-snippet:-1, max-image-preview:large, max-video-preview:-1\" \/>\n<link rel=\"canonical\" href=\"https:\/\/gpi-tehnika.si\/index.php\/vrtec-videk\/\" \/>\n<meta property=\"og:locale\" content=\"sl_SI\" \/>\n<meta property=\"og:type\" content=\"article\" \/>\n<meta property=\"og:title\" content=\"Vrtec Videk - GPI Tehnika\" \/>\n<meta property=\"og:description\" content=\"Naro\u010dnik: Ob\u010dina Ivan\u010dna Gorica &#8211; leto gradnje: 2023&#8211; 8 oddelkov Vrtec Videk je\u00a0 najve\u010dja enota Vrtca Ivan\u010dna Gorica. V svoje nove rumeno-zelene igralnice sprejme do 150 pred\u0161olskih otrok, ki imajo iobilo prilo\u017enosti za igro, ustvarjanje, raziskovanje, gibanje in u\u010denje, tako v stavbi vrtca, kakor tudi na igri\u0161\u010du in v \u0161ir\u0161i okolici. Ustvarjalci stavbe so o [&hellip;]\" \/>\n<meta property=\"og:url\" content=\"https:\/\/gpi-tehnika.si\/index.php\/vrtec-videk\/\" \/>\n<meta property=\"og:site_name\" content=\"GPI Tehnika\" \/>\n<meta property=\"article:modified_time\" content=\"2024-01-06T12:38:46+00:00\" \/>\n<meta property=\"og:image\" content=\"https:\/\/gpi-tehnika.si\/wp-content\/uploads\/2023\/12\/7736_1668287839_465796dsc_7851.jpg\" \/>\n<meta name=\"twitter:card\" content=\"summary_large_image\" \/>\n<meta name=\"twitter:label1\" content=\"Est. reading time\" \/>\n\t<meta name=\"twitter:data1\" content=\"4 minute\" \/>\n<script type=\"application\/ld+json\" class=\"yoast-schema-graph\">{\"@context\":\"https:\\\/\\\/schema.org\",\"@graph\":[{\"@type\":\"WebPage\",\"@id\":\"https:\\\/\\\/gpi-tehnika.si\\\/index.php\\\/vrtec-videk\\\/\",\"url\":\"https:\\\/\\\/gpi-tehnika.si\\\/index.php\\\/vrtec-videk\\\/\",\"name\":\"Vrtec Videk - GPI Tehnika\",\"isPartOf\":{\"@id\":\"https:\\\/\\\/gpi-tehnika.si\\\/#website\"},\"primaryImageOfPage\":{\"@id\":\"https:\\\/\\\/gpi-tehnika.si\\\/index.php\\\/vrtec-videk\\\/#primaryimage\"},\"image\":{\"@id\":\"https:\\\/\\\/gpi-tehnika.si\\\/index.php\\\/vrtec-videk\\\/#primaryimage\"},\"thumbnailUrl\":\"https:\\\/\\\/gpi-tehnika.si\\\/wp-content\\\/uploads\\\/2023\\\/12\\\/7736_1668287839_465796dsc_7851.jpg\",\"datePublished\":\"2024-01-06T12:23:18+00:00\",\"dateModified\":\"2024-01-06T12:38:46+00:00\",\"breadcrumb\":{\"@id\":\"https:\\\/\\\/gpi-tehnika.si\\\/index.php\\\/vrtec-videk\\\/#breadcrumb\"},\"inLanguage\":\"sl-SI\",\"potentialAction\":[{\"@type\":\"ReadAction\",\"target\":[\"https:\\\/\\\/gpi-tehnika.si\\\/index.php\\\/vrtec-videk\\\/\"]}]},{\"@type\":\"ImageObject\",\"inLanguage\":\"sl-SI\",\"@id\":\"https:\\\/\\\/gpi-tehnika.si\\\/index.php\\\/vrtec-videk\\\/#primaryimage\",\"url\":\"https:\\\/\\\/gpi-tehnika.si\\\/wp-content\\\/uploads\\\/2023\\\/12\\\/7736_1668287839_465796dsc_7851.jpg\",\"contentUrl\":\"https:\\\/\\\/gpi-tehnika.si\\\/wp-content\\\/uploads\\\/2023\\\/12\\\/7736_1668287839_465796dsc_7851.jpg\",\"width\":1024,\"height\":683,\"caption\":\"Vrtec Videk\"},{\"@type\":\"BreadcrumbList\",\"@id\":\"https:\\\/\\\/gpi-tehnika.si\\\/index.php\\\/vrtec-videk\\\/#breadcrumb\",\"itemListElement\":[{\"@type\":\"ListItem\",\"position\":1,\"name\":\"Home\",\"item\":\"https:\\\/\\\/gpi-tehnika.si\\\/\"},{\"@type\":\"ListItem\",\"position\":2,\"name\":\"Vrtec Videk\"}]},{\"@type\":\"WebSite\",\"@id\":\"https:\\\/\\\/gpi-tehnika.si\\\/#website\",\"url\":\"https:\\\/\\\/gpi-tehnika.si\\\/\",\"name\":\"GPI Tehnika\",\"description\":\"gradimo va\u0161e vizije\",\"publisher\":{\"@id\":\"https:\\\/\\\/gpi-tehnika.si\\\/#organization\"},\"potentialAction\":[{\"@type\":\"SearchAction\",\"target\":{\"@type\":\"EntryPoint\",\"urlTemplate\":\"https:\\\/\\\/gpi-tehnika.si\\\/?s={search_term_string}\"},\"query-input\":{\"@type\":\"PropertyValueSpecification\",\"valueRequired\":true,\"valueName\":\"search_term_string\"}}],\"inLanguage\":\"sl-SI\"},{\"@type\":\"Organization\",\"@id\":\"https:\\\/\\\/gpi-tehnika.si\\\/#organization\",\"name\":\"GPI Tehnika\",\"url\":\"https:\\\/\\\/gpi-tehnika.si\\\/\",\"logo\":{\"@type\":\"ImageObject\",\"inLanguage\":\"sl-SI\",\"@id\":\"https:\\\/\\\/gpi-tehnika.si\\\/#\\\/schema\\\/logo\\\/image\\\/\",\"url\":\"https:\\\/\\\/gpi-tehnika.si\\\/wp-content\\\/uploads\\\/2021\\\/02\\\/cropped-logo-2020.jpg\",\"contentUrl\":\"https:\\\/\\\/gpi-tehnika.si\\\/wp-content\\\/uploads\\\/2021\\\/02\\\/cropped-logo-2020.jpg\",\"width\":1185,\"height\":395,\"caption\":\"GPI Tehnika\"},\"image\":{\"@id\":\"https:\\\/\\\/gpi-tehnika.si\\\/#\\\/schema\\\/logo\\\/image\\\/\"}}]}<\/script>\n<!-- \/ Yoast SEO plugin. -->","yoast_head_json":{"title":"Vrtec Videk - GPI Tehnika","robots":{"index":"index","follow":"follow","max-snippet":"max-snippet:-1","max-image-preview":"max-image-preview:large","max-video-preview":"max-video-preview:-1"},"canonical":"https:\/\/gpi-tehnika.si\/index.php\/vrtec-videk\/","og_locale":"sl_SI","og_type":"article","og_title":"Vrtec Videk - GPI Tehnika","og_description":"Naro\u010dnik: Ob\u010dina Ivan\u010dna Gorica &#8211; leto gradnje: 2023&#8211; 8 oddelkov Vrtec Videk je\u00a0 najve\u010dja enota Vrtca Ivan\u010dna Gorica. V svoje nove rumeno-zelene igralnice sprejme do 150 pred\u0161olskih otrok, ki imajo iobilo prilo\u017enosti za igro, ustvarjanje, raziskovanje, gibanje in u\u010denje, tako v stavbi vrtca, kakor tudi na igri\u0161\u010du in v \u0161ir\u0161i okolici. Ustvarjalci stavbe so o [&hellip;]","og_url":"https:\/\/gpi-tehnika.si\/index.php\/vrtec-videk\/","og_site_name":"GPI Tehnika","article_modified_time":"2024-01-06T12:38:46+00:00","og_image":[{"url":"https:\/\/gpi-tehnika.si\/wp-content\/uploads\/2023\/12\/7736_1668287839_465796dsc_7851.jpg","type":"","width":"","height":""}],"twitter_card":"summary_large_image","twitter_misc":{"Est. reading time":"4 minute"},"schema":{"@context":"https:\/\/schema.org","@graph":[{"@type":"WebPage","@id":"https:\/\/gpi-tehnika.si\/index.php\/vrtec-videk\/","url":"https:\/\/gpi-tehnika.si\/index.php\/vrtec-videk\/","name":"Vrtec Videk - GPI Tehnika","isPartOf":{"@id":"https:\/\/gpi-tehnika.si\/#website"},"primaryImageOfPage":{"@id":"https:\/\/gpi-tehnika.si\/index.php\/vrtec-videk\/#primaryimage"},"image":{"@id":"https:\/\/gpi-tehnika.si\/index.php\/vrtec-videk\/#primaryimage"},"thumbnailUrl":"https:\/\/gpi-tehnika.si\/wp-content\/uploads\/2023\/12\/7736_1668287839_465796dsc_7851.jpg","datePublished":"2024-01-06T12:23:18+00:00","dateModified":"2024-01-06T12:38:46+00:00","breadcrumb":{"@id":"https:\/\/gpi-tehnika.si\/index.php\/vrtec-videk\/#breadcrumb"},"inLanguage":"sl-SI","potentialAction":[{"@type":"ReadAction","target":["https:\/\/gpi-tehnika.si\/index.php\/vrtec-videk\/"]}]},{"@type":"ImageObject","inLanguage":"sl-SI","@id":"https:\/\/gpi-tehnika.si\/index.php\/vrtec-videk\/#primaryimage","url":"https:\/\/gpi-tehnika.si\/wp-content\/uploads\/2023\/12\/7736_1668287839_465796dsc_7851.jpg","contentUrl":"https:\/\/gpi-tehnika.si\/wp-content\/uploads\/2023\/12\/7736_1668287839_465796dsc_7851.jpg","width":1024,"height":683,"caption":"Vrtec Videk"},{"@type":"BreadcrumbList","@id":"https:\/\/gpi-tehnika.si\/index.php\/vrtec-videk\/#breadcrumb","itemListElement":[{"@type":"ListItem","position":1,"name":"Home","item":"https:\/\/gpi-tehnika.si\/"},{"@type":"ListItem","position":2,"name":"Vrtec Videk"}]},{"@type":"WebSite","@id":"https:\/\/gpi-tehnika.si\/#website","url":"https:\/\/gpi-tehnika.si\/","name":"GPI Tehnika","description":"gradimo va\u0161e vizije","publisher":{"@id":"https:\/\/gpi-tehnika.si\/#organization"},"potentialAction":[{"@type":"SearchAction","target":{"@type":"EntryPoint","urlTemplate":"https:\/\/gpi-tehnika.si\/?s={search_term_string}"},"query-input":{"@type":"PropertyValueSpecification","valueRequired":true,"valueName":"search_term_string"}}],"inLanguage":"sl-SI"},{"@type":"Organization","@id":"https:\/\/gpi-tehnika.si\/#organization","name":"GPI Tehnika","url":"https:\/\/gpi-tehnika.si\/","logo":{"@type":"ImageObject","inLanguage":"sl-SI","@id":"https:\/\/gpi-tehnika.si\/#\/schema\/logo\/image\/","url":"https:\/\/gpi-tehnika.si\/wp-content\/uploads\/2021\/02\/cropped-logo-2020.jpg","contentUrl":"https:\/\/gpi-tehnika.si\/wp-content\/uploads\/2021\/02\/cropped-logo-2020.jpg","width":1185,"height":395,"caption":"GPI Tehnika"},"image":{"@id":"https:\/\/gpi-tehnika.si\/#\/schema\/logo\/image\/"}}]}},"uagb_featured_image_src":{"full":false,"thumbnail":false,"medium":false,"medium_large":false,"large":false,"1536x1536":false,"2048x2048":false},"uagb_author_info":{"display_name":"admin","author_link":"https:\/\/gpi-tehnika.si\/index.php\/author\/gpitehnikausr2\/"},"uagb_comment_info":0,"uagb_excerpt":"Naro\u010dnik: Ob\u010dina Ivan\u010dna Gorica &#8211; leto gradnje: 2023&#8211; 8 oddelkov Vrtec Videk je\u00a0 najve\u010dja enota Vrtca Ivan\u010dna Gorica. V svoje nove rumeno-zelene igralnice sprejme do 150 pred\u0161olskih otrok, ki imajo iobilo prilo\u017enosti za igro, ustvarjanje, raziskovanje, gibanje in u\u010denje, tako v stavbi vrtca, kakor tudi na igri\u0161\u010du in v \u0161ir\u0161i okolici. Ustvarjalci stavbe so o&hellip;","_links":{"self":[{"href":"https:\/\/gpi-tehnika.si\/index.php\/wp-json\/wp\/v2\/pages\/1626","targetHints":{"allow":["GET"]}}],"collection":[{"href":"https:\/\/gpi-tehnika.si\/index.php\/wp-json\/wp\/v2\/pages"}],"about":[{"href":"https:\/\/gpi-tehnika.si\/index.php\/wp-json\/wp\/v2\/types\/page"}],"author":[{"embeddable":true,"href":"https:\/\/gpi-tehnika.si\/index.php\/wp-json\/wp\/v2\/users\/1"}],"replies":[{"embeddable":true,"href":"https:\/\/gpi-tehnika.si\/index.php\/wp-json\/wp\/v2\/comments?post=1626"}],"version-history":[{"count":4,"href":"https:\/\/gpi-tehnika.si\/index.php\/wp-json\/wp\/v2\/pages\/1626\/revisions"}],"predecessor-version":[{"id":1638,"href":"https:\/\/gpi-tehnika.si\/index.php\/wp-json\/wp\/v2\/pages\/1626\/revisions\/1638"}],"wp:attachment":[{"href":"https:\/\/gpi-tehnika.si\/index.php\/wp-json\/wp\/v2\/media?parent=1626"}],"curies":[{"name":"wp","href":"https:\/\/api.w.org\/{rel}","templated":true}]}}